{"id":119,"date":"2021-08-07T09:38:37","date_gmt":"2021-08-07T09:38:37","guid":{"rendered":"https:\/\/axerta.cl\/index.php\/about-us\/"},"modified":"2024-03-25T18:24:39","modified_gmt":"2024-03-25T18:24:39","slug":"quienes-somos","status":"publish","type":"page","link":"https:\/\/axerta.cl\/index.php\/quienes-somos\/","title":{"rendered":"Qui\u00e9nes somos"},"content":{"rendered":"\t\t<div data-elementor-type=\"wp-page\" data-elementor-id=\"119\" class=\"elementor elementor-119\" data-elementor-post-type=\"page\">\n\t\t\t\t\t\t\t\t\t<section class=\"elementor-section elementor-top-section elementor-element elementor-element-3a6157e elementor-section-boxed elementor-section-height-default elementor-section-height-default\" data-id=\"3a6157e\" data-element_type=\"section\" data-settings=\"{&quot;_ha_eqh_enable&quot;:false}\">\n\t\t\t\t\t\t<div class=\"elementor-container elementor-column-gap-default\">\n\t\t\t\t\t<div class=\"aux-parallax-section elementor-column elementor-col-50 elementor-top-column elementor-element elementor-element-ffbaa35\" data-id=\"ffbaa35\" data-element_type=\"column\">\n\t\t\t<div class=\"elementor-widget-wrap elementor-element-populated\">\n\t\t\t\t\t\t\t\t<div class=\"elementor-element elementor-element-dd02497 elementor-invisible elementor-widget elementor-widget-image\" data-id=\"dd02497\" data-element_type=\"widget\" data-settings=\"{&quot;_animation&quot;:&quot;zoomInUp&quot;}\" data-widget_type=\"image.default\">\n\t\t\t\t<div class=\"elementor-widget-container\">\n\t\t\t<style>\/*! elementor - v3.18.0 - 20-12-2023 *\/\n.elementor-widget-image{text-align:center}.elementor-widget-image a{display:inline-block}.elementor-widget-image a img[src$=\".svg\"]{width:48px}.elementor-widget-image img{vertical-align:middle;display:inline-block}<\/style>\t\t\t\t\t\t\t\t\t\t\t\t<img fetchpriority=\"high\" decoding=\"async\" width=\"1024\" height=\"1024\" src=\"https:\/\/axerta.cl\/wp-content\/uploads\/2024\/02\/iStock-1151593834-1-1024x1024.jpg\" class=\"attachment-large size-large wp-image-317\" alt=\"\" srcset=\"https:\/\/axerta.cl\/wp-content\/uploads\/2024\/02\/iStock-1151593834-1-1024x1024.jpg 1024w, https:\/\/axerta.cl\/wp-content\/uploads\/2024\/02\/iStock-1151593834-1-300x300.jpg 300w, https:\/\/axerta.cl\/wp-content\/uploads\/2024\/02\/iStock-1151593834-1-150x150.jpg 150w, https:\/\/axerta.cl\/wp-content\/uploads\/2024\/02\/iStock-1151593834-1-768x768.jpg 768w\" sizes=\"(max-width: 1024px) 100vw, 1024px\" \/>\t\t\t\t\t\t\t\t\t\t\t\t\t\t\t<\/div>\n\t\t\t\t<\/div>\n\t\t\t\t\t<\/div>\n\t\t<\/div>\n\t\t\t\t<div class=\"aux-parallax-section elementor-column elementor-col-50 elementor-top-column elementor-element elementor-element-1c990dd elementor-invisible\" data-id=\"1c990dd\" data-element_type=\"column\" data-settings=\"{&quot;animation&quot;:&quot;fadeInRight&quot;}\">\n\t\t\t<div class=\"elementor-widget-wrap elementor-element-populated\">\n\t\t\t\t\t\t\t\t<div class=\"elementor-element elementor-element-ce7ffc2 elementor-widget elementor-widget-aux_modern_heading\" data-id=\"ce7ffc2\" data-element_type=\"widget\" data-widget_type=\"aux_modern_heading.default\">\n\t\t\t\t<div class=\"elementor-widget-container\">\n\t\t\t<section class=\"aux-widget-modern-heading\">\n            <div class=\"aux-widget-inner\"><h2 class=\"aux-modern-heading-primary\">Nuestro equipo<\/h2><div class=\"aux-modern-heading-divider\"><\/div><\/div>\n        <\/section>\t\t<\/div>\n\t\t\t\t<\/div>\n\t\t\t\t<div class=\"elementor-element elementor-element-5b7f624 elementor-widget elementor-widget-text-editor\" data-id=\"5b7f624\" data-element_type=\"widget\" data-widget_type=\"text-editor.default\">\n\t\t\t\t<div class=\"elementor-widget-container\">\n\t\t\t<style>\/*! elementor - v3.18.0 - 20-12-2023 *\/\n.elementor-widget-text-editor.elementor-drop-cap-view-stacked .elementor-drop-cap{background-color:#69727d;color:#fff}.elementor-widget-text-editor.elementor-drop-cap-view-framed .elementor-drop-cap{color:#69727d;border:3px solid;background-color:transparent}.elementor-widget-text-editor:not(.elementor-drop-cap-view-default) .elementor-drop-cap{margin-top:8px}.elementor-widget-text-editor:not(.elementor-drop-cap-view-default) .elementor-drop-cap-letter{width:1em;height:1em}.elementor-widget-text-editor .elementor-drop-cap{float:left;text-align:center;line-height:1;font-size:50px}.elementor-widget-text-editor .elementor-drop-cap-letter{display:inline-block}<\/style>\t\t\t\t<p style=\"font-weight: 400;\">Somos un equipo multidisciplinario de profesionales con vasta experiencia en el \u00e1rea de asesor\u00eda contable y tributaria, con estudios de postgrado. Contadores auditores, ingenieros comerciales y abogados.<\/p>\t\t\t\t\t\t<\/div>\n\t\t\t\t<\/div>\n\t\t\t\t\t<\/div>\n\t\t<\/div>\n\t\t\t\t\t\t\t<\/div>\n\t\t<\/section>\n\t\t\t\t<section class=\"elementor-section elementor-top-section elementor-element elementor-element-46d1d28 elementor-section-boxed elementor-section-height-default elementor-section-height-default\" data-id=\"46d1d28\" data-element_type=\"section\" data-settings=\"{&quot;_ha_eqh_enable&quot;:false}\">\n\t\t\t\t\t\t<div class=\"elementor-container elementor-column-gap-default\">\n\t\t\t\t\t<div class=\"aux-parallax-section elementor-column elementor-col-50 elementor-top-column elementor-element elementor-element-596b066 elementor-invisible\" data-id=\"596b066\" data-element_type=\"column\" data-settings=\"{&quot;background_background&quot;:&quot;classic&quot;,&quot;animation&quot;:&quot;fadeInLeft&quot;}\">\n\t\t\t<div class=\"elementor-widget-wrap elementor-element-populated\">\n\t\t\t\t\t\t\t\t<div class=\"elementor-element elementor-element-4e886a5 elementor-widget elementor-widget-aux_modern_heading\" data-id=\"4e886a5\" data-element_type=\"widget\" data-widget_type=\"aux_modern_heading.default\">\n\t\t\t\t<div class=\"elementor-widget-container\">\n\t\t\t<section class=\"aux-widget-modern-heading\">\n            <div class=\"aux-widget-inner\"><h2 class=\"aux-modern-heading-primary\">Asesor\u00eda a la medida de cada empresa<\/h2><h3 class=\"aux-modern-heading-secondary\"><span class=\"aux-head-before\">Sello diferenciador de Axerta Consultores<\/span><\/h3><div class=\"aux-modern-heading-divider\"><\/div><\/div>\n        <\/section>\t\t<\/div>\n\t\t\t\t<\/div>\n\t\t\t\t<div class=\"elementor-element elementor-element-3c5288b elementor-widget elementor-widget-text-editor\" data-id=\"3c5288b\" data-element_type=\"widget\" data-widget_type=\"text-editor.default\">\n\t\t\t\t<div class=\"elementor-widget-container\">\n\t\t\t\t\t\t\t<p style=\"font-weight: 400;\">En Axerta Consultores brindamos un servicio de asesor\u00eda integral y altamente especializada, adapt\u00e1ndonos a las necesidades de cada cliente. Apostamos por nuestras ventajas diferenciadoras como son el tiempo de respuestas, flexibilidad, \u00e9tica y confidencialidad de la informaci\u00f3n y procesos.<\/p>\t\t\t\t\t\t<\/div>\n\t\t\t\t<\/div>\n\t\t\t\t\t<\/div>\n\t\t<\/div>\n\t\t\t\t<div class=\"aux-parallax-section elementor-column elementor-col-50 elementor-top-column elementor-element elementor-element-7972b48 elementor-invisible\" data-id=\"7972b48\" data-element_type=\"column\" data-settings=\"{&quot;animation&quot;:&quot;zoomInUp&quot;}\">\n\t\t\t<div class=\"elementor-widget-wrap elementor-element-populated\">\n\t\t\t\t\t\t\t\t<div class=\"elementor-element elementor-element-9e9ff0b elementor-widget elementor-widget-image\" data-id=\"9e9ff0b\" data-element_type=\"widget\" data-widget_type=\"image.default\">\n\t\t\t\t<div class=\"elementor-widget-container\">\n\t\t\t\t\t\t\t\t\t\t\t\t\t\t\t<img decoding=\"async\" width=\"1024\" height=\"1024\" src=\"https:\/\/axerta.cl\/wp-content\/uploads\/2024\/02\/oficinista-rubia-mirando-arriba-sonrisa-mientras-toma-mano-sus-colegas-retrato-interior-amigos-listos-comenzar-proyecto-trabajo-conjunto-1024x1024.jpg\" class=\"attachment-large size-large wp-image-323\" alt=\"\" srcset=\"https:\/\/axerta.cl\/wp-content\/uploads\/2024\/02\/oficinista-rubia-mirando-arriba-sonrisa-mientras-toma-mano-sus-colegas-retrato-interior-amigos-listos-comenzar-proyecto-trabajo-conjunto-1024x1024.jpg 1024w, https:\/\/axerta.cl\/wp-content\/uploads\/2024\/02\/oficinista-rubia-mirando-arriba-sonrisa-mientras-toma-mano-sus-colegas-retrato-interior-amigos-listos-comenzar-proyecto-trabajo-conjunto-300x300.jpg 300w, https:\/\/axerta.cl\/wp-content\/uploads\/2024\/02\/oficinista-rubia-mirando-arriba-sonrisa-mientras-toma-mano-sus-colegas-retrato-interior-amigos-listos-comenzar-proyecto-trabajo-conjunto-150x150.jpg 150w, https:\/\/axerta.cl\/wp-content\/uploads\/2024\/02\/oficinista-rubia-mirando-arriba-sonrisa-mientras-toma-mano-sus-colegas-retrato-interior-amigos-listos-comenzar-proyecto-trabajo-conjunto-768x768.jpg 768w\" sizes=\"(max-width: 1024px) 100vw, 1024px\" \/>\t\t\t\t\t\t\t\t\t\t\t\t\t\t\t<\/div>\n\t\t\t\t<\/div>\n\t\t\t\t\t<\/div>\n\t\t<\/div>\n\t\t\t\t\t\t\t<\/div>\n\t\t<\/section>\n\t\t\t\t<section class=\"elementor-section elementor-top-section elementor-element elementor-element-4b57beb elementor-section-boxed elementor-section-height-default elementor-section-height-default\" data-id=\"4b57beb\" data-element_type=\"section\" data-settings=\"{&quot;_ha_eqh_enable&quot;:false}\">\n\t\t\t\t\t\t<div class=\"elementor-container elementor-column-gap-default\">\n\t\t\t\t\t<div class=\"aux-parallax-section elementor-column elementor-col-33 elementor-top-column elementor-element elementor-element-63a4451\" data-id=\"63a4451\" data-element_type=\"column\">\n\t\t\t<div class=\"elementor-widget-wrap elementor-element-populated\">\n\t\t\t\t\t\t\t\t<div class=\"elementor-element elementor-element-c899d41 elementor-widget elementor-widget-counter\" data-id=\"c899d41\" data-element_type=\"widget\" data-widget_type=\"counter.default\">\n\t\t\t\t<div class=\"elementor-widget-container\">\n\t\t\t<style>\/*! elementor - v3.18.0 - 20-12-2023 *\/\n.elementor-counter .elementor-counter-number-wrapper{display:flex;font-size:69px;font-weight:600;line-height:1}.elementor-counter .elementor-counter-number-prefix,.elementor-counter .elementor-counter-number-suffix{flex-grow:1;white-space:pre-wrap}.elementor-counter .elementor-counter-number-prefix{text-align:right}.elementor-counter .elementor-counter-number-suffix{text-align:left}.elementor-counter .elementor-counter-title{text-align:center;font-size:19px;font-weight:400;line-height:2.5}<\/style>\t\t<div class=\"elementor-counter\">\n\t\t\t<div class=\"elementor-counter-number-wrapper\">\n\t\t\t\t<span class=\"elementor-counter-number-prefix\"><\/span>\n\t\t\t\t<span class=\"elementor-counter-number\" data-duration=\"2000\" data-to-value=\"10\" data-from-value=\"0\" data-delimiter=\",\">0<\/span>\n\t\t\t\t<span class=\"elementor-counter-number-suffix\"><\/span>\n\t\t\t<\/div>\n\t\t\t\t\t\t\t<div class=\"elementor-counter-title\">A\u00f1os de experiencia<\/div>\n\t\t\t\t\t<\/div>\n\t\t\t\t<\/div>\n\t\t\t\t<\/div>\n\t\t\t\t<div class=\"elementor-element elementor-element-ab0c362 elementor-widget-divider--view-line elementor-widget elementor-widget-divider\" data-id=\"ab0c362\" data-element_type=\"widget\" data-widget_type=\"divider.default\">\n\t\t\t\t<div class=\"elementor-widget-container\">\n\t\t\t<style>\/*! elementor - v3.18.0 - 20-12-2023 *\/\n.elementor-widget-divider{--divider-border-style:none;--divider-border-width:1px;--divider-color:#0c0d0e;--divider-icon-size:20px;--divider-element-spacing:10px;--divider-pattern-height:24px;--divider-pattern-size:20px;--divider-pattern-url:none;--divider-pattern-repeat:repeat-x}.elementor-widget-divider .elementor-divider{display:flex}.elementor-widget-divider .elementor-divider__text{font-size:15px;line-height:1;max-width:95%}.elementor-widget-divider .elementor-divider__element{margin:0 var(--divider-element-spacing);flex-shrink:0}.elementor-widget-divider .elementor-icon{font-size:var(--divider-icon-size)}.elementor-widget-divider .elementor-divider-separator{display:flex;margin:0;direction:ltr}.elementor-widget-divider--view-line_icon .elementor-divider-separator,.elementor-widget-divider--view-line_text .elementor-divider-separator{align-items:center}.elementor-widget-divider--view-line_icon .elementor-divider-separator:after,.elementor-widget-divider--view-line_icon .elementor-divider-separator:before,.elementor-widget-divider--view-line_text .elementor-divider-separator:after,.elementor-widget-divider--view-line_text .elementor-divider-separator:before{display:block;content:\"\";border-bottom:0;flex-grow:1;border-top:var(--divider-border-width) var(--divider-border-style) var(--divider-color)}.elementor-widget-divider--element-align-left .elementor-divider .elementor-divider-separator>.elementor-divider__svg:first-of-type{flex-grow:0;flex-shrink:100}.elementor-widget-divider--element-align-left .elementor-divider-separator:before{content:none}.elementor-widget-divider--element-align-left .elementor-divider__element{margin-left:0}.elementor-widget-divider--element-align-right .elementor-divider .elementor-divider-separator>.elementor-divider__svg:last-of-type{flex-grow:0;flex-shrink:100}.elementor-widget-divider--element-align-right .elementor-divider-separator:after{content:none}.elementor-widget-divider--element-align-right .elementor-divider__element{margin-right:0}.elementor-widget-divider:not(.elementor-widget-divider--view-line_text):not(.elementor-widget-divider--view-line_icon) .elementor-divider-separator{border-top:var(--divider-border-width) var(--divider-border-style) var(--divider-color)}.elementor-widget-divider--separator-type-pattern{--divider-border-style:none}.elementor-widget-divider--separator-type-pattern.elementor-widget-divider--view-line .elementor-divider-separator,.elementor-widget-divider--separator-type-pattern:not(.elementor-widget-divider--view-line) .elementor-divider-separator:after,.elementor-widget-divider--separator-type-pattern:not(.elementor-widget-divider--view-line) .elementor-divider-separator:before,.elementor-widget-divider--separator-type-pattern:not([class*=elementor-widget-divider--view]) .elementor-divider-separator{width:100%;min-height:var(--divider-pattern-height);-webkit-mask-size:var(--divider-pattern-size) 100%;mask-size:var(--divider-pattern-size) 100%;-webkit-mask-repeat:var(--divider-pattern-repeat);mask-repeat:var(--divider-pattern-repeat);background-color:var(--divider-color);-webkit-mask-image:var(--divider-pattern-url);mask-image:var(--divider-pattern-url)}.elementor-widget-divider--no-spacing{--divider-pattern-size:auto}.elementor-widget-divider--bg-round{--divider-pattern-repeat:round}.rtl .elementor-widget-divider .elementor-divider__text{direction:rtl}.e-con-inner>.elementor-widget-divider,.e-con>.elementor-widget-divider{width:var(--container-widget-width,100%);--flex-grow:var(--container-widget-flex-grow)}<\/style>\t\t<div class=\"elementor-divider\">\n\t\t\t<span class=\"elementor-divider-separator\">\n\t\t\t\t\t\t<\/span>\n\t\t<\/div>\n\t\t\t\t<\/div>\n\t\t\t\t<\/div>\n\t\t\t\t<div class=\"elementor-element elementor-element-5b45174 elementor-widget elementor-widget-text-editor\" data-id=\"5b45174\" data-element_type=\"widget\" data-widget_type=\"text-editor.default\">\n\t\t\t\t<div class=\"elementor-widget-container\">\n\t\t\t\t\t\t\t<p style=\"font-weight: 400;\">Llevamos 10 a\u00f1os de experiencia en el mercado, en los cuales hemos desarrollado relaciones de confianza y que esperamos fortalecer y mantener en el tiempo.<\/p>\t\t\t\t\t\t<\/div>\n\t\t\t\t<\/div>\n\t\t\t\t\t<\/div>\n\t\t<\/div>\n\t\t\t\t<div class=\"aux-parallax-section elementor-column elementor-col-33 elementor-top-column elementor-element elementor-element-927b9bd\" data-id=\"927b9bd\" data-element_type=\"column\">\n\t\t\t<div class=\"elementor-widget-wrap elementor-element-populated\">\n\t\t\t\t\t\t\t\t<div class=\"elementor-element elementor-element-096c1da elementor-widget elementor-widget-aux_modern_heading\" data-id=\"096c1da\" data-element_type=\"widget\" data-widget_type=\"aux_modern_heading.default\">\n\t\t\t\t<div class=\"elementor-widget-container\">\n\t\t\t<section class=\"aux-widget-modern-heading\">\n            <div class=\"aux-widget-inner\"><h2 class=\"aux-modern-heading-primary\">Beneficios de Axerta Consultores<\/h2><div class=\"aux-modern-heading-divider\"><\/div><\/div>\n        <\/section>\t\t<\/div>\n\t\t\t\t<\/div>\n\t\t\t\t<div class=\"elementor-element elementor-element-4ffd35a elementor-icon-list--layout-traditional elementor-list-item-link-full_width elementor-widget elementor-widget-icon-list\" data-id=\"4ffd35a\" data-element_type=\"widget\" data-widget_type=\"icon-list.default\">\n\t\t\t\t<div class=\"elementor-widget-container\">\n\t\t\t<link rel=\"stylesheet\" href=\"https:\/\/axerta.cl\/wp-content\/plugins\/elementor\/assets\/css\/widget-icon-list.min.css\">\t\t<ul class=\"elementor-icon-list-items\">\n\t\t\t\t\t\t\t<li class=\"elementor-icon-list-item\">\n\t\t\t\t\t\t\t\t\t\t\t<span class=\"elementor-icon-list-icon\">\n\t\t\t\t\t\t\t<i aria-hidden=\"true\" class=\"fas fa-check\"><\/i>\t\t\t\t\t\t<\/span>\n\t\t\t\t\t\t\t\t\t\t<span class=\"elementor-icon-list-text\">Proactividad<\/span>\n\t\t\t\t\t\t\t\t\t<\/li>\n\t\t\t\t\t\t\t\t<li class=\"elementor-icon-list-item\">\n\t\t\t\t\t\t\t\t\t\t\t<span class=\"elementor-icon-list-icon\">\n\t\t\t\t\t\t\t<i aria-hidden=\"true\" class=\"fas fa-check\"><\/i>\t\t\t\t\t\t<\/span>\n\t\t\t\t\t\t\t\t\t\t<span class=\"elementor-icon-list-text\">Soluciones a medidas<\/span>\n\t\t\t\t\t\t\t\t\t<\/li>\n\t\t\t\t\t\t\t\t<li class=\"elementor-icon-list-item\">\n\t\t\t\t\t\t\t\t\t\t\t<span class=\"elementor-icon-list-icon\">\n\t\t\t\t\t\t\t<i aria-hidden=\"true\" class=\"fas fa-check\"><\/i>\t\t\t\t\t\t<\/span>\n\t\t\t\t\t\t\t\t\t\t<span class=\"elementor-icon-list-text\">Eficiencia<\/span>\n\t\t\t\t\t\t\t\t\t<\/li>\n\t\t\t\t\t\t\t\t<li class=\"elementor-icon-list-item\">\n\t\t\t\t\t\t\t\t\t\t\t<span class=\"elementor-icon-list-icon\">\n\t\t\t\t\t\t\t<i aria-hidden=\"true\" class=\"fas fa-check\"><\/i>\t\t\t\t\t\t<\/span>\n\t\t\t\t\t\t\t\t\t\t<span class=\"elementor-icon-list-text\">\u00c9tica<\/span>\n\t\t\t\t\t\t\t\t\t<\/li>\n\t\t\t\t\t\t\t\t<li class=\"elementor-icon-list-item\">\n\t\t\t\t\t\t\t\t\t\t\t<span class=\"elementor-icon-list-icon\">\n\t\t\t\t\t\t\t<i aria-hidden=\"true\" class=\"fas fa-check\"><\/i>\t\t\t\t\t\t<\/span>\n\t\t\t\t\t\t\t\t\t\t<span class=\"elementor-icon-list-text\">Asesor\u00eda empresarial integral<\/span>\n\t\t\t\t\t\t\t\t\t<\/li>\n\t\t\t\t\t\t<\/ul>\n\t\t\t\t<\/div>\n\t\t\t\t<\/div>\n\t\t\t\t\t<\/div>\n\t\t<\/div>\n\t\t\t\t<div class=\"aux-parallax-section elementor-column elementor-col-33 elementor-top-column elementor-element elementor-element-5bd8feb\" data-id=\"5bd8feb\" data-element_type=\"column\">\n\t\t\t<div class=\"elementor-widget-wrap elementor-element-populated\">\n\t\t\t\t\t\t\t\t<div class=\"elementor-element elementor-element-c09e498 elementor-widget elementor-widget-aux_modern_heading\" data-id=\"c09e498\" data-element_type=\"widget\" data-widget_type=\"aux_modern_heading.default\">\n\t\t\t\t<div class=\"elementor-widget-container\">\n\t\t\t<section class=\"aux-widget-modern-heading\">\n            <div class=\"aux-widget-inner\"><h2 class=\"aux-modern-heading-primary\">Preguntas Frecuentes<\/h2><div class=\"aux-modern-heading-divider\"><\/div><\/div>\n        <\/section>\t\t<\/div>\n\t\t\t\t<\/div>\n\t\t\t\t<div class=\"elementor-element elementor-element-be718ed ha-accordion--icon-left ha-has-bg-overlay elementor-widget elementor-widget-ha-accordion happy-addon ha-accordion happy-addon-pro\" data-id=\"be718ed\" data-element_type=\"widget\" data-widget_type=\"ha-accordion.default\">\n\t\t\t\t<div class=\"elementor-widget-container\">\n\t\t\t        <div class=\"ha-accordion__wrapper\" role=\"tablist\">\n                            <div class=\"ha-accordion__item\">\n                    <div id=\"ha-accordion__item-title-1991\" class=\"ha-accordion__item-title\" data-tab=\"1\" role=\"tab\" aria-controls=\"ha-accordion__item-content-1991\">\n                                                    <span class=\"ha-accordion__item-icon ha-accordion__icon\" aria-hidden=\"true\">\n                                                                    <span class=\"ha-accordion__icon--closed\"><i aria-hidden=\"true\" class=\"far fa-check-circle\"><\/i><\/span>\n                                                                                                    <span class=\"ha-accordion__icon--opened\"><i aria-hidden=\"true\" class=\"far fa-circle\"><\/i><\/span>\n                                                            <\/span>\n                                                <div class=\"ha-accordion__item-title-inner\">\n                                                        <span class=\"ha-accordion__item-title-text\">Cu\u00e1l es el precio de los servicios<\/span>\n                        <\/div>\n                    <\/div>\n                    <div id=\"ha-accordion__item-content-1991\" class=\"ha-accordion__item-content\" data-tab=\"1\" role=\"tabpanel\" aria-labelledby=\"ha-accordion__item-title-1991\">\n                        <p style=\"font-weight: 400;\">Cada soluci\u00f3n se dise\u00f1a a la medida del requerimiento del cliente, por lo cual, lo valores van variando en funci\u00f3n de la complejidad y especializaci\u00f3n, no obstante, manejamos rango de precios que ser\u00e1n informados una vez contactados.<\/p>                    <\/div>\n                <\/div>\n                            <div class=\"ha-accordion__item\">\n                    <div id=\"ha-accordion__item-title-1992\" class=\"ha-accordion__item-title\" data-tab=\"2\" role=\"tab\" aria-controls=\"ha-accordion__item-content-1992\">\n                                                    <span class=\"ha-accordion__item-icon ha-accordion__icon\" aria-hidden=\"true\">\n                                                                    <span class=\"ha-accordion__icon--closed\"><i aria-hidden=\"true\" class=\"far fa-check-circle\"><\/i><\/span>\n                                                                                                    <span class=\"ha-accordion__icon--opened\"><i aria-hidden=\"true\" class=\"far fa-circle\"><\/i><\/span>\n                                                            <\/span>\n                                                <div class=\"ha-accordion__item-title-inner\">\n                                                        <span class=\"ha-accordion__item-title-text\">C\u00f3mo garantizar un buen servicio<\/span>\n                        <\/div>\n                    <\/div>\n                    <div id=\"ha-accordion__item-content-1992\" class=\"ha-accordion__item-content\" data-tab=\"2\" role=\"tabpanel\" aria-labelledby=\"ha-accordion__item-title-1992\">\n                        <p style=\"font-weight: 400;\">Realizamos un diagn\u00f3stico de la situaci\u00f3n de la empresa, en concordancia con el requerimiento y nuestra experiencia, proponemos soluciones.<\/p>                    <\/div>\n                <\/div>\n                            <div class=\"ha-accordion__item\">\n                    <div id=\"ha-accordion__item-title-1993\" class=\"ha-accordion__item-title\" data-tab=\"3\" role=\"tab\" aria-controls=\"ha-accordion__item-content-1993\">\n                                                    <span class=\"ha-accordion__item-icon ha-accordion__icon\" aria-hidden=\"true\">\n                                                                    <span class=\"ha-accordion__icon--closed\"><i aria-hidden=\"true\" class=\"far fa-check-circle\"><\/i><\/span>\n                                                                                                    <span class=\"ha-accordion__icon--opened\"><i aria-hidden=\"true\" class=\"far fa-circle\"><\/i><\/span>\n                                                            <\/span>\n                                                <div class=\"ha-accordion__item-title-inner\">\n                                                        <span class=\"ha-accordion__item-title-text\"> Cuales son los planes y modalidades<\/span>\n                        <\/div>\n                    <\/div>\n                    <div id=\"ha-accordion__item-content-1993\" class=\"ha-accordion__item-content\" data-tab=\"3\" role=\"tabpanel\" aria-labelledby=\"ha-accordion__item-title-1993\">\n                        <p style=\"font-weight: 400;\">Contamos con planes de asesor\u00eda permanente y espor\u00e1dica, seg\u00fan requerimiento. As\u00ed mismo, la atenci\u00f3n podr\u00e1 presencial u online, seg\u00fan resulte oportuno y eficiente para las partes.<\/p>                    <\/div>\n                <\/div>\n                    <\/div>\n        \t\t<\/div>\n\t\t\t\t<\/div>\n\t\t\t\t\t<\/div>\n\t\t<\/div>\n\t\t\t\t\t\t\t<\/div>\n\t\t<\/section>\n\t\t\t\t\t\t\t<\/div>\n\t\t","protected":false},"excerpt":{"rendered":"<p>Nuestro equipo Somos un equipo multidisciplinario de profesionales con vasta experiencia en el \u00e1rea de asesor\u00eda contable y tributaria, con estudios de postgrado. Contadores auditores, ingenieros comerciales y abogados. Asesor\u00eda a la medida de cada empresa Sello diferenciador de Axerta Consultores En Axerta Consultores brindamos un servicio de asesor\u00eda integral y altamente especializada, adapt\u00e1ndonos a [&hellip;]<\/p>\n","protected":false},"author":1,"featured_media":0,"parent":0,"menu_order":0,"comment_status":"closed","ping_status":"closed","template":"templates\/page-builder-content.php","meta":{"footnotes":""},"class_list":["post-119","page","type-page","status-publish","hentry"],"_links":{"self":[{"href":"https:\/\/axerta.cl\/index.php\/wp-json\/wp\/v2\/pages\/119","targetHints":{"allow":["GET"]}}],"collection":[{"href":"https:\/\/axerta.cl\/index.php\/wp-json\/wp\/v2\/pages"}],"about":[{"href":"https:\/\/axerta.cl\/index.php\/wp-json\/wp\/v2\/types\/page"}],"author":[{"embeddable":true,"href":"https:\/\/axerta.cl\/index.php\/wp-json\/wp\/v2\/users\/1"}],"replies":[{"embeddable":true,"href":"https:\/\/axerta.cl\/index.php\/wp-json\/wp\/v2\/comments?post=119"}],"version-history":[{"count":44,"href":"https:\/\/axerta.cl\/index.php\/wp-json\/wp\/v2\/pages\/119\/revisions"}],"predecessor-version":[{"id":430,"href":"https:\/\/axerta.cl\/index.php\/wp-json\/wp\/v2\/pages\/119\/revisions\/430"}],"wp:attachment":[{"href":"https:\/\/axerta.cl\/index.php\/wp-json\/wp\/v2\/media?parent=119"}],"curies":[{"name":"wp","href":"https:\/\/api.w.org\/{rel}","templated":true}]}}