{"id":118,"date":"2021-08-07T09:39:49","date_gmt":"2021-08-07T09:39:49","guid":{"rendered":"https:\/\/axerta.cl\/index.php\/services\/"},"modified":"2024-03-26T12:30:28","modified_gmt":"2024-03-26T12:30:28","slug":"nuestros-servicios","status":"publish","type":"page","link":"https:\/\/axerta.cl\/index.php\/nuestros-servicios\/","title":{"rendered":"Nuestros Servicios"},"content":{"rendered":"\t\t<div data-elementor-type=\"wp-page\" data-elementor-id=\"118\" class=\"elementor elementor-118\" data-elementor-post-type=\"page\">\n\t\t\t\t\t\t\t\t\t<section class=\"elementor-section elementor-top-section elementor-element elementor-element-6a947d9 elementor-section-boxed elementor-section-height-default elementor-section-height-default\" data-id=\"6a947d9\" data-element_type=\"section\" data-settings=\"{&quot;_ha_eqh_enable&quot;:false}\">\n\t\t\t\t\t\t<div class=\"elementor-container elementor-column-gap-default\">\n\t\t\t\t\t<div class=\"aux-parallax-section elementor-column elementor-col-100 elementor-top-column elementor-element elementor-element-312d0e1\" data-id=\"312d0e1\" data-element_type=\"column\" data-settings=\"{&quot;background_background&quot;:&quot;classic&quot;}\">\n\t\t\t<div class=\"elementor-widget-wrap elementor-element-populated\">\n\t\t\t\t\t\t\t\t<div class=\"elementor-element elementor-element-f7e2019 elementor-widget elementor-widget-aux_modern_heading\" data-id=\"f7e2019\" data-element_type=\"widget\" data-widget_type=\"aux_modern_heading.default\">\n\t\t\t\t<div class=\"elementor-widget-container\">\n\t\t\t<section class=\"aux-widget-modern-heading\">\n            <div class=\"aux-widget-inner\"><h2 class=\"aux-modern-heading-primary\">BRINDAMOS ASESOR\u00cdA EMPRESARIAL INTEGRAL<\/h2><div class=\"aux-modern-heading-divider\"><\/div><\/div>\n        <\/section>\t\t<\/div>\n\t\t\t\t<\/div>\n\t\t\t\t\t<\/div>\n\t\t<\/div>\n\t\t\t\t\t\t\t<\/div>\n\t\t<\/section>\n\t\t\t\t<section class=\"elementor-section elementor-top-section elementor-element elementor-element-4e034c2 elementor-section-boxed elementor-section-height-default elementor-section-height-default\" data-id=\"4e034c2\" data-element_type=\"section\" data-settings=\"{&quot;background_background&quot;:&quot;classic&quot;,&quot;_ha_eqh_enable&quot;:false}\">\n\t\t\t\t\t\t\t<div class=\"elementor-background-overlay\"><\/div>\n\t\t\t\t\t\t\t<div class=\"elementor-container elementor-column-gap-default\">\n\t\t\t\t\t<div class=\"aux-parallax-section elementor-column elementor-col-50 elementor-top-column elementor-element elementor-element-3ec8df4\" data-id=\"3ec8df4\" data-element_type=\"column\">\n\t\t\t<div class=\"elementor-widget-wrap elementor-element-populated\">\n\t\t\t\t\t\t\t\t<div class=\"elementor-element elementor-element-6833765 elementor-widget elementor-widget-heading\" data-id=\"6833765\" data-element_type=\"widget\" data-widget_type=\"heading.default\">\n\t\t\t\t<div class=\"elementor-widget-container\">\n\t\t\t<style>\/*! elementor - v3.18.0 - 20-12-2023 *\/\n.elementor-heading-title{padding:0;margin:0;line-height:1}.elementor-widget-heading .elementor-heading-title[class*=elementor-size-]>a{color:inherit;font-size:inherit;line-height:inherit}.elementor-widget-heading .elementor-heading-title.elementor-size-small{font-size:15px}.elementor-widget-heading .elementor-heading-title.elementor-size-medium{font-size:19px}.elementor-widget-heading .elementor-heading-title.elementor-size-large{font-size:29px}.elementor-widget-heading .elementor-heading-title.elementor-size-xl{font-size:39px}.elementor-widget-heading .elementor-heading-title.elementor-size-xxl{font-size:59px}<\/style><h2 class=\"elementor-heading-title elementor-size-default\">BRINDAMOS ASESOR\u00cdA <\/h2>\t\t<\/div>\n\t\t\t\t<\/div>\n\t\t\t\t<div class=\"elementor-element elementor-element-673ad61 elementor-widget elementor-widget-heading\" data-id=\"673ad61\" data-element_type=\"widget\" data-widget_type=\"heading.default\">\n\t\t\t\t<div class=\"elementor-widget-container\">\n\t\t\t<h2 class=\"elementor-heading-title elementor-size-default\">EMPRESARIAL INTEGRAL<\/h2>\t\t<\/div>\n\t\t\t\t<\/div>\n\t\t\t\t<div class=\"elementor-element elementor-element-69fff84 elementor-widget elementor-widget-spacer\" data-id=\"69fff84\" data-element_type=\"widget\" data-widget_type=\"spacer.default\">\n\t\t\t\t<div class=\"elementor-widget-container\">\n\t\t\t<style>\/*! elementor - v3.18.0 - 20-12-2023 *\/\n.elementor-column .elementor-spacer-inner{height:var(--spacer-size)}.e-con{--container-widget-width:100%}.e-con-inner>.elementor-widget-spacer,.e-con>.elementor-widget-spacer{width:var(--container-widget-width,var(--spacer-size));--align-self:var(--container-widget-align-self,initial);--flex-shrink:0}.e-con-inner>.elementor-widget-spacer>.elementor-widget-container,.e-con>.elementor-widget-spacer>.elementor-widget-container{height:100%;width:100%}.e-con-inner>.elementor-widget-spacer>.elementor-widget-container>.elementor-spacer,.e-con>.elementor-widget-spacer>.elementor-widget-container>.elementor-spacer{height:100%}.e-con-inner>.elementor-widget-spacer>.elementor-widget-container>.elementor-spacer>.elementor-spacer-inner,.e-con>.elementor-widget-spacer>.elementor-widget-container>.elementor-spacer>.elementor-spacer-inner{height:var(--container-widget-height,var(--spacer-size))}.e-con-inner>.elementor-widget-spacer.elementor-widget-empty,.e-con>.elementor-widget-spacer.elementor-widget-empty{position:relative;min-height:22px;min-width:22px}.e-con-inner>.elementor-widget-spacer.elementor-widget-empty .elementor-widget-empty-icon,.e-con>.elementor-widget-spacer.elementor-widget-empty .elementor-widget-empty-icon{position:absolute;top:0;bottom:0;left:0;right:0;margin:auto;padding:0;width:22px;height:22px}<\/style>\t\t<div class=\"elementor-spacer\">\n\t\t\t<div class=\"elementor-spacer-inner\"><\/div>\n\t\t<\/div>\n\t\t\t\t<\/div>\n\t\t\t\t<\/div>\n\t\t\t\t<div class=\"elementor-element elementor-element-8f840c2 elementor-widget elementor-widget-text-editor\" data-id=\"8f840c2\" data-element_type=\"widget\" data-widget_type=\"text-editor.default\">\n\t\t\t\t<div class=\"elementor-widget-container\">\n\t\t\t<style>\/*! elementor - v3.18.0 - 20-12-2023 *\/\n.elementor-widget-text-editor.elementor-drop-cap-view-stacked .elementor-drop-cap{background-color:#69727d;color:#fff}.elementor-widget-text-editor.elementor-drop-cap-view-framed .elementor-drop-cap{color:#69727d;border:3px solid;background-color:transparent}.elementor-widget-text-editor:not(.elementor-drop-cap-view-default) .elementor-drop-cap{margin-top:8px}.elementor-widget-text-editor:not(.elementor-drop-cap-view-default) .elementor-drop-cap-letter{width:1em;height:1em}.elementor-widget-text-editor .elementor-drop-cap{float:left;text-align:center;line-height:1;font-size:50px}.elementor-widget-text-editor .elementor-drop-cap-letter{display:inline-block}<\/style>\t\t\t\t<p style=\"font-weight: 400;\"><strong>Trabajamos enfocados en brindar un servicio de asesor\u00eda empresarial integral.<\/strong><\/p><p style=\"font-weight: 400;\">Para ello consideramos factores como el tama\u00f1o de cada empresa y rubros en que se desenvuelven. Dentro de los servicios que se brindan, destacamos los siguientes:<\/p>\t\t\t\t\t\t<\/div>\n\t\t\t\t<\/div>\n\t\t\t\t\t<\/div>\n\t\t<\/div>\n\t\t\t\t<div class=\"aux-parallax-section elementor-column elementor-col-50 elementor-top-column elementor-element elementor-element-2124486\" data-id=\"2124486\" data-element_type=\"column\">\n\t\t\t<div class=\"elementor-widget-wrap elementor-element-populated\">\n\t\t\t\t\t\t\t\t<div class=\"elementor-element elementor-element-6ce5480 elementor-widget elementor-widget-image\" data-id=\"6ce5480\" data-element_type=\"widget\" data-widget_type=\"image.default\">\n\t\t\t\t<div class=\"elementor-widget-container\">\n\t\t\t<style>\/*! elementor - v3.18.0 - 20-12-2023 *\/\n.elementor-widget-image{text-align:center}.elementor-widget-image a{display:inline-block}.elementor-widget-image a img[src$=\".svg\"]{width:48px}.elementor-widget-image img{vertical-align:middle;display:inline-block}<\/style>\t\t\t\t\t\t\t\t\t\t\t\t<img fetchpriority=\"high\" decoding=\"async\" width=\"2560\" height=\"1407\" src=\"https:\/\/axerta.cl\/wp-content\/uploads\/2024\/02\/iStock-1127447341-2-scaled.jpg\" class=\"attachment-full size-full wp-image-352\" alt=\"\" srcset=\"https:\/\/axerta.cl\/wp-content\/uploads\/2024\/02\/iStock-1127447341-2-scaled.jpg 2560w, https:\/\/axerta.cl\/wp-content\/uploads\/2024\/02\/iStock-1127447341-2-1536x844.jpg 1536w, https:\/\/axerta.cl\/wp-content\/uploads\/2024\/02\/iStock-1127447341-2-2048x1126.jpg 2048w, https:\/\/axerta.cl\/wp-content\/uploads\/2024\/02\/iStock-1127447341-2-200x110.jpg 200w\" sizes=\"(max-width: 2560px) 100vw, 2560px\" \/>\t\t\t\t\t\t\t\t\t\t\t\t\t\t\t<\/div>\n\t\t\t\t<\/div>\n\t\t\t\t\t<\/div>\n\t\t<\/div>\n\t\t\t\t\t\t\t<\/div>\n\t\t<\/section>\n\t\t\t\t<section class=\"elementor-section elementor-top-section elementor-element elementor-element-5d3a8b3 elementor-section-boxed elementor-section-height-default elementor-section-height-default\" data-id=\"5d3a8b3\" data-element_type=\"section\" data-settings=\"{&quot;_ha_eqh_enable&quot;:false}\">\n\t\t\t\t\t\t\t<div class=\"elementor-background-overlay\"><\/div>\n\t\t\t\t\t\t\t<div class=\"elementor-container elementor-column-gap-default\">\n\t\t\t\t\t<div class=\"aux-parallax-section elementor-column elementor-col-33 elementor-top-column elementor-element elementor-element-b35bdc6\" data-id=\"b35bdc6\" data-element_type=\"column\" data-settings=\"{&quot;background_background&quot;:&quot;classic&quot;}\">\n\t\t\t<div class=\"elementor-widget-wrap elementor-element-populated\">\n\t\t\t\t\t\t\t\t<div class=\"elementor-element elementor-element-581f026 elementor-widget elementor-widget-image\" data-id=\"581f026\" data-element_type=\"widget\" data-widget_type=\"image.default\">\n\t\t\t\t<div class=\"elementor-widget-container\">\n\t\t\t\t\t\t\t\t\t\t\t\t\t\t\t<img decoding=\"async\" width=\"150\" height=\"150\" src=\"https:\/\/axerta.cl\/wp-content\/uploads\/2024\/02\/icons-02.png\" class=\"attachment-thumbnail size-thumbnail wp-image-355\" alt=\"\" \/>\t\t\t\t\t\t\t\t\t\t\t\t\t\t\t<\/div>\n\t\t\t\t<\/div>\n\t\t\t\t<div class=\"elementor-element elementor-element-d573809 elementor-widget elementor-widget-heading\" data-id=\"d573809\" data-element_type=\"widget\" data-widget_type=\"heading.default\">\n\t\t\t\t<div class=\"elementor-widget-container\">\n\t\t\t<h4 class=\"elementor-heading-title elementor-size-default\">Asesor\u00eda Tributaria<\/h4>\t\t<\/div>\n\t\t\t\t<\/div>\n\t\t\t\t<div class=\"elementor-element elementor-element-adf4a4e elementor-widget elementor-widget-text-editor\" data-id=\"adf4a4e\" data-element_type=\"widget\" data-widget_type=\"text-editor.default\">\n\t\t\t\t<div class=\"elementor-widget-container\">\n\t\t\t\t\t\t\t<p style=\"font-weight: 400;\">Asesoramos a los contribuyentes, personas naturales y\/o jur\u00eddicas, en el cumplimiento de sus obligaciones tributarias. Prestamos asesor\u00eda en las siguientes materias:<\/p><ul><li>&#8211; Cumplimiento tributario mensual y anual<\/li><li>&#8211; Reg\u00edmenes de tributaci\u00f3n<\/li><li>&#8211; Proceso de Operaci\u00f3n Renta<\/li><li>&#8211; Procedimientos administrativos ante el SII.<\/li><li>&#8211; Auditor\u00eda tributaria<\/li><li>&#8211; Reorganizaci\u00f3n empresarial<\/li><li>&#8211; Reorganizaci\u00f3n patrimonial<\/li><li>&#8211; Inversi\u00f3n extranjera<\/li><li>&#8211; Entre otras materias relacionadas<\/li><\/ul><p style=\"font-weight: 400;\"><strong><em>Consulta por modalidades y planes\u2026<\/em><\/strong><\/p>\t\t\t\t\t\t<\/div>\n\t\t\t\t<\/div>\n\t\t\t\t\t<\/div>\n\t\t<\/div>\n\t\t\t\t<div class=\"aux-parallax-section elementor-column elementor-col-33 elementor-top-column elementor-element elementor-element-1936322\" data-id=\"1936322\" data-element_type=\"column\" data-settings=\"{&quot;background_background&quot;:&quot;classic&quot;}\">\n\t\t\t<div class=\"elementor-widget-wrap elementor-element-populated\">\n\t\t\t\t\t\t\t\t<div class=\"elementor-element elementor-element-ab631a4 elementor-widget elementor-widget-image\" data-id=\"ab631a4\" data-element_type=\"widget\" data-widget_type=\"image.default\">\n\t\t\t\t<div class=\"elementor-widget-container\">\n\t\t\t\t\t\t\t\t\t\t\t\t\t\t\t<img decoding=\"async\" width=\"150\" height=\"150\" src=\"https:\/\/axerta.cl\/wp-content\/uploads\/2024\/02\/icons_Mesa-de-trabajo-1.png\" class=\"attachment-thumbnail size-thumbnail wp-image-356\" alt=\"\" \/>\t\t\t\t\t\t\t\t\t\t\t\t\t\t\t<\/div>\n\t\t\t\t<\/div>\n\t\t\t\t<div class=\"elementor-element elementor-element-c5e658e elementor-widget elementor-widget-heading\" data-id=\"c5e658e\" data-element_type=\"widget\" data-widget_type=\"heading.default\">\n\t\t\t\t<div class=\"elementor-widget-container\">\n\t\t\t<h4 class=\"elementor-heading-title elementor-size-default\">Asesor\u00eda Contable<\/h4>\t\t<\/div>\n\t\t\t\t<\/div>\n\t\t\t\t<div class=\"elementor-element elementor-element-0146099 elementor-widget elementor-widget-text-editor\" data-id=\"0146099\" data-element_type=\"widget\" data-widget_type=\"text-editor.default\">\n\t\t\t\t<div class=\"elementor-widget-container\">\n\t\t\t\t\t\t\t<p style=\"font-weight: 400;\">Prestamos asesor\u00eda en materias contables:<\/p><ul><li>&#8211; Asesor\u00eda en cierre de balances<\/li><li>&#8211; Contabilidad Externa<\/li><li>&#8211; Reporte de Estados Financieros mensuales y anuales<\/li><li>&#8211; Reporte de indicadores financieros y econ\u00f3micos<\/li><li>&#8211; Auditor\u00eda Financiera.<\/li><\/ul><p style=\"font-weight: 400;\"><strong><em>Consulta por modalidades y planes\u2026<\/em><\/strong><\/p>\t\t\t\t\t\t<\/div>\n\t\t\t\t<\/div>\n\t\t\t\t\t<\/div>\n\t\t<\/div>\n\t\t\t\t<div class=\"aux-parallax-section elementor-column elementor-col-33 elementor-top-column elementor-element elementor-element-d899601\" data-id=\"d899601\" data-element_type=\"column\" data-settings=\"{&quot;background_background&quot;:&quot;classic&quot;}\">\n\t\t\t<div class=\"elementor-widget-wrap elementor-element-populated\">\n\t\t\t\t\t\t\t\t<div class=\"elementor-element elementor-element-f982edd elementor-widget elementor-widget-image\" data-id=\"f982edd\" data-element_type=\"widget\" data-widget_type=\"image.default\">\n\t\t\t\t<div class=\"elementor-widget-container\">\n\t\t\t\t\t\t\t\t\t\t\t\t\t\t\t<img loading=\"lazy\" decoding=\"async\" width=\"150\" height=\"150\" src=\"https:\/\/axerta.cl\/wp-content\/uploads\/2024\/02\/icons-03.png\" class=\"attachment-thumbnail size-thumbnail wp-image-357\" alt=\"\" \/>\t\t\t\t\t\t\t\t\t\t\t\t\t\t\t<\/div>\n\t\t\t\t<\/div>\n\t\t\t\t<div class=\"elementor-element elementor-element-30bfa31 elementor-widget elementor-widget-heading\" data-id=\"30bfa31\" data-element_type=\"widget\" data-widget_type=\"heading.default\">\n\t\t\t\t<div class=\"elementor-widget-container\">\n\t\t\t<h4 class=\"elementor-heading-title elementor-size-default\">Gesti\u00f3n de Personas<\/h4>\t\t<\/div>\n\t\t\t\t<\/div>\n\t\t\t\t<div class=\"elementor-element elementor-element-bf62ef3 elementor-widget elementor-widget-text-editor\" data-id=\"bf62ef3\" data-element_type=\"widget\" data-widget_type=\"text-editor.default\">\n\t\t\t\t<div class=\"elementor-widget-container\">\n\t\t\t\t\t\t\t<p style=\"font-weight: 400;\">Asesoramos en la gesti\u00f3n del recurso humano bajo el fiel cumplimiento de las normas legales vigentes, basado en el profesionalismo y confidencialidad de la informaci\u00f3n.<\/p><ul><li>&#8211; Reclutamiento y selecci\u00f3n de personas<\/li><li>&#8211; Movimiento de personal<\/li><li>&#8211; Proceso de remuneraciones<\/li><li>&#8211; Cumplimiento previsional<\/li><li>&#8211; Planes de capacitaci\u00f3n<\/li><li>&#8211; Incentivos y mejoras permanentes<\/li><li>&#8211; Otras materias relacionadas<\/li><\/ul><p style=\"font-weight: 400;\"><strong><em>Consulta por modalidades y planes\u2026<\/em><\/strong><\/p>\t\t\t\t\t\t<\/div>\n\t\t\t\t<\/div>\n\t\t\t\t\t<\/div>\n\t\t<\/div>\n\t\t\t\t\t\t\t<\/div>\n\t\t<\/section>\n\t\t\t\t<section class=\"elementor-section elementor-top-section elementor-element elementor-element-bc71981 elementor-section-boxed elementor-section-height-default elementor-section-height-default\" data-id=\"bc71981\" data-element_type=\"section\" data-settings=\"{&quot;_ha_eqh_enable&quot;:false}\">\n\t\t\t\t\t\t\t<div class=\"elementor-background-overlay\"><\/div>\n\t\t\t\t\t\t\t<div class=\"elementor-container elementor-column-gap-default\">\n\t\t\t\t\t<div class=\"aux-parallax-section elementor-column elementor-col-33 elementor-top-column elementor-element elementor-element-ecf4308\" data-id=\"ecf4308\" data-element_type=\"column\" data-settings=\"{&quot;background_background&quot;:&quot;classic&quot;}\">\n\t\t\t<div class=\"elementor-widget-wrap elementor-element-populated\">\n\t\t\t\t\t\t\t\t<div class=\"elementor-element elementor-element-10262fb elementor-widget elementor-widget-image\" data-id=\"10262fb\" data-element_type=\"widget\" data-widget_type=\"image.default\">\n\t\t\t\t<div class=\"elementor-widget-container\">\n\t\t\t\t\t\t\t\t\t\t\t\t\t\t\t<img loading=\"lazy\" decoding=\"async\" width=\"150\" height=\"150\" src=\"https:\/\/axerta.cl\/wp-content\/uploads\/2024\/02\/icons-04.png\" class=\"attachment-thumbnail size-thumbnail wp-image-359\" alt=\"\" \/>\t\t\t\t\t\t\t\t\t\t\t\t\t\t\t<\/div>\n\t\t\t\t<\/div>\n\t\t\t\t<div class=\"elementor-element elementor-element-fc8a115 elementor-widget elementor-widget-heading\" data-id=\"fc8a115\" data-element_type=\"widget\" data-widget_type=\"heading.default\">\n\t\t\t\t<div class=\"elementor-widget-container\">\n\t\t\t<h4 class=\"elementor-heading-title elementor-size-default\">Capacitaci\u00f3n<\/h4>\t\t<\/div>\n\t\t\t\t<\/div>\n\t\t\t\t<div class=\"elementor-element elementor-element-ccf610e elementor-widget elementor-widget-text-editor\" data-id=\"ccf610e\" data-element_type=\"widget\" data-widget_type=\"text-editor.default\">\n\t\t\t\t<div class=\"elementor-widget-container\">\n\t\t\t\t\t\t\t<p style=\"font-weight: 400;\">Realizamos capacitaci\u00f3n en el \u00e1rea de tributaci\u00f3n en materias tributarias:<\/p><ul><li>&#8211; Estructura del sistema tributario chileno<\/li><li>&#8211; Tipos de sociedades y su tributaci\u00f3n<\/li><li>&#8211; Reforma tributaria y nuevos reg\u00edmenes de tributaci\u00f3n<\/li><li>&#8211; Proceso de Operaci\u00f3n Renta (declaraciones juradas e impuestos)<\/li><li>&#8211; Efectos tributarios de las reorganizaciones empresariales<\/li><li>&#8211; Registros de rentas empresariales<\/li><li>&#8211; Normas antielusiva espec\u00edficas y generales<\/li><li>&#8211; Tributaci\u00f3n internacional y aplicaci\u00f3n de Convenios (CDI)<\/li><li>&#8211; Otras materias espec\u00edficas a requerimiento de clientes.<\/li><\/ul><p style=\"font-weight: 400;\"><strong><em>Consulta por tu pr\u00f3ximo lo curso\u2026<\/em><\/strong><\/p>\t\t\t\t\t\t<\/div>\n\t\t\t\t<\/div>\n\t\t\t\t\t<\/div>\n\t\t<\/div>\n\t\t\t\t<div class=\"aux-parallax-section elementor-column elementor-col-33 elementor-top-column elementor-element elementor-element-a0eed11\" data-id=\"a0eed11\" data-element_type=\"column\" data-settings=\"{&quot;background_background&quot;:&quot;classic&quot;}\">\n\t\t\t<div class=\"elementor-widget-wrap elementor-element-populated\">\n\t\t\t\t\t\t\t\t<div class=\"elementor-element elementor-element-61f7b67 elementor-widget elementor-widget-image\" data-id=\"61f7b67\" data-element_type=\"widget\" data-widget_type=\"image.default\">\n\t\t\t\t<div class=\"elementor-widget-container\">\n\t\t\t\t\t\t\t\t\t\t\t\t\t\t\t<img loading=\"lazy\" decoding=\"async\" width=\"150\" height=\"150\" src=\"https:\/\/axerta.cl\/wp-content\/uploads\/2024\/02\/icons-05.png\" class=\"attachment-thumbnail size-thumbnail wp-image-358\" alt=\"\" \/>\t\t\t\t\t\t\t\t\t\t\t\t\t\t\t<\/div>\n\t\t\t\t<\/div>\n\t\t\t\t<div class=\"elementor-element elementor-element-e9158a3 elementor-widget elementor-widget-heading\" data-id=\"e9158a3\" data-element_type=\"widget\" data-widget_type=\"heading.default\">\n\t\t\t\t<div class=\"elementor-widget-container\">\n\t\t\t<h4 class=\"elementor-heading-title elementor-size-default\">Consultor\u00eda Online<\/h4>\t\t<\/div>\n\t\t\t\t<\/div>\n\t\t\t\t<div class=\"elementor-element elementor-element-c87a189 elementor-widget elementor-widget-text-editor\" data-id=\"c87a189\" data-element_type=\"widget\" data-widget_type=\"text-editor.default\">\n\t\t\t\t<div class=\"elementor-widget-container\">\n\t\t\t\t\t\t\t<p style=\"font-weight: 400;\">Prestamos asesor\u00eda sobre consultas espec\u00edficas en formato online:<\/p><ul><li>&#8211; Aplicaci\u00f3n de normas tributarias (IVA, Renta, Patrimonio)<\/li><li>&#8211; Declaraci\u00f3n de impuestos mensuales y anuales<\/li><li>&#8211; Declaraciones Juradas<\/li><li>&#8211; Inconsistencias tributarias en operaci\u00f3n renta<\/li><li>&#8211; Franquicias tributarias<\/li><li>&#8211; Tributaci\u00f3n de servicios<\/li><li>&#8211; Tributaci\u00f3n de remesas al exterior<\/li><li>&#8211; Entre otras materias espec\u00edficas.<\/li><\/ul><p style=\"font-weight: 400;\"><strong><em>Consulta por planes trimestrales, semestrales y anuales.<\/em><\/strong><\/p>\t\t\t\t\t\t<\/div>\n\t\t\t\t<\/div>\n\t\t\t\t\t<\/div>\n\t\t<\/div>\n\t\t\t\t<div class=\"aux-parallax-section elementor-column elementor-col-33 elementor-top-column elementor-element elementor-element-0c3a635\" data-id=\"0c3a635\" data-element_type=\"column\" data-settings=\"{&quot;background_background&quot;:&quot;classic&quot;}\">\n\t\t\t<div class=\"elementor-widget-wrap elementor-element-populated\">\n\t\t\t\t\t\t\t\t<div class=\"elementor-element elementor-element-5f0314f elementor-widget elementor-widget-image\" data-id=\"5f0314f\" data-element_type=\"widget\" data-widget_type=\"image.default\">\n\t\t\t\t<div class=\"elementor-widget-container\">\n\t\t\t\t\t\t\t\t\t\t\t\t\t\t\t<img loading=\"lazy\" decoding=\"async\" width=\"150\" height=\"150\" src=\"https:\/\/axerta.cl\/wp-content\/uploads\/2024\/03\/globolll.png\" class=\"attachment-thumbnail size-thumbnail wp-image-415\" alt=\"\" \/>\t\t\t\t\t\t\t\t\t\t\t\t\t\t\t<\/div>\n\t\t\t\t<\/div>\n\t\t\t\t<div class=\"elementor-element elementor-element-275bef9 elementor-widget elementor-widget-heading\" data-id=\"275bef9\" data-element_type=\"widget\" data-widget_type=\"heading.default\">\n\t\t\t\t<div class=\"elementor-widget-container\">\n\t\t\t<h4 class=\"elementor-heading-title elementor-size-default\">Tributaci\u00f3n Internacional<\/h4>\t\t<\/div>\n\t\t\t\t<\/div>\n\t\t\t\t<div class=\"elementor-element elementor-element-39c74d4 elementor-widget elementor-widget-text-editor\" data-id=\"39c74d4\" data-element_type=\"widget\" data-widget_type=\"text-editor.default\">\n\t\t\t\t<div class=\"elementor-widget-container\">\n\t\t\t\t\t\t\t<p style=\"font-weight: 400;\">La internacionalizaci\u00f3n de las actividades empresariales conlleva el enorme desaf\u00edo de dar cumplimiento a las diversas legislaciones y tratados internacionales. Asesoramos en el cumplimiento de la fiscalidad internacional:<\/p><ul><li>&#8211; Formas jur\u00eddicas adecuadas a la inversi\u00f3n<\/li><li>&#8211; Formas de financiaci\u00f3n de las inversiones<\/li><li>&#8211; Tributaci\u00f3n de los diversos flujos de rentas<\/li><li>&#8211; Pol\u00edticas de expatriaci\u00f3n de trabajadores y directivos<\/li><li>&#8211; Precios de transferencias<\/li><li>&#8211; Movilidad de la inversi\u00f3n y desinversi\u00f3n<\/li><li>&#8211; Tributaci\u00f3n m\u00ednima global,<\/li><li>&#8211; Entre otras materias.<\/li><\/ul><p style=\"font-weight: 400;\"><strong><em>Consulta por modalidades y planes\u2026<\/em><\/strong><\/p>\t\t\t\t\t\t<\/div>\n\t\t\t\t<\/div>\n\t\t\t\t\t<\/div>\n\t\t<\/div>\n\t\t\t\t\t\t\t<\/div>\n\t\t<\/section>\n\t\t\t\t<section class=\"elementor-section elementor-top-section elementor-element elementor-element-065c0f1 elementor-section-boxed elementor-section-height-default elementor-section-height-default\" data-id=\"065c0f1\" data-element_type=\"section\" data-settings=\"{&quot;_ha_eqh_enable&quot;:false}\">\n\t\t\t\t\t\t<div class=\"elementor-container elementor-column-gap-default\">\n\t\t\t\t\t<div class=\"aux-parallax-section elementor-column elementor-col-100 elementor-top-column elementor-element elementor-element-e98d64e\" data-id=\"e98d64e\" data-element_type=\"column\">\n\t\t\t<div class=\"elementor-widget-wrap elementor-element-populated\">\n\t\t\t\t\t\t\t\t<div class=\"elementor-element elementor-element-1eb596e elementor-widget elementor-widget-spacer\" data-id=\"1eb596e\" data-element_type=\"widget\" data-widget_type=\"spacer.default\">\n\t\t\t\t<div class=\"elementor-widget-container\">\n\t\t\t\t\t<div class=\"elementor-spacer\">\n\t\t\t<div class=\"elementor-spacer-inner\"><\/div>\n\t\t<\/div>\n\t\t\t\t<\/div>\n\t\t\t\t<\/div>\n\t\t\t\t\t<\/div>\n\t\t<\/div>\n\t\t\t\t\t\t\t<\/div>\n\t\t<\/section>\n\t\t\t\t\t\t\t<\/div>\n\t\t","protected":false},"excerpt":{"rendered":"<p>BRINDAMOS ASESOR\u00cdA EMPRESARIAL INTEGRAL BRINDAMOS ASESOR\u00cdA EMPRESARIAL INTEGRAL Trabajamos enfocados en brindar un servicio de asesor\u00eda empresarial integral. Para ello consideramos factores como el tama\u00f1o de cada empresa y rubros en que se desenvuelven. Dentro de los servicios que se brindan, destacamos los siguientes: Asesor\u00eda Tributaria Asesoramos a los contribuyentes, personas naturales y\/o jur\u00eddicas, en [&hellip;]<\/p>\n","protected":false},"author":1,"featured_media":0,"parent":0,"menu_order":0,"comment_status":"closed","ping_status":"closed","template":"templates\/page-builder-content.php","meta":{"footnotes":""},"class_list":["post-118","page","type-page","status-publish","hentry"],"_links":{"self":[{"href":"https:\/\/axerta.cl\/index.php\/wp-json\/wp\/v2\/pages\/118","targetHints":{"allow":["GET"]}}],"collection":[{"href":"https:\/\/axerta.cl\/index.php\/wp-json\/wp\/v2\/pages"}],"about":[{"href":"https:\/\/axerta.cl\/index.php\/wp-json\/wp\/v2\/types\/page"}],"author":[{"embeddable":true,"href":"https:\/\/axerta.cl\/index.php\/wp-json\/wp\/v2\/users\/1"}],"replies":[{"embeddable":true,"href":"https:\/\/axerta.cl\/index.php\/wp-json\/wp\/v2\/comments?post=118"}],"version-history":[{"count":47,"href":"https:\/\/axerta.cl\/index.php\/wp-json\/wp\/v2\/pages\/118\/revisions"}],"predecessor-version":[{"id":468,"href":"https:\/\/axerta.cl\/index.php\/wp-json\/wp\/v2\/pages\/118\/revisions\/468"}],"wp:attachment":[{"href":"https:\/\/axerta.cl\/index.php\/wp-json\/wp\/v2\/media?parent=118"}],"curies":[{"name":"wp","href":"https:\/\/api.w.org\/{rel}","templated":true}]}}